{"id":6,"date":"2021-02-18T00:04:37","date_gmt":"2021-02-17T21:04:37","guid":{"rendered":"https:\/\/ozelcankiribakimmerkezi.com\/?page_id=6"},"modified":"2021-02-18T00:16:58","modified_gmt":"2021-02-17T21:16:58","slug":"blog","status":"publish","type":"page","link":"https:\/\/ozelcankiribakimmerkezi.com\/","title":{"rendered":"Hakk\u0131m\u0131zda"},"content":{"rendered":"\n<p>KAL\u0130TE POL\u0130T\u0130KASI<br>Engelli bak\u0131m hizmetlerini ger\u00e7ekle\u015ftirirken, t\u00fcm \u00e7al\u0131\u015fanlar\u0131n kat\u0131l\u0131m\u0131 ile<br>\u2022 Engelli, engelli yak\u0131n\u0131, \u00e7al\u0131\u015fanlar\u0131m\u0131z ve ilgili taraflar\u0131n haklar\u0131n\u0131 ve mahremiyetini koruyarak memnuniyetini en \u00fcst seviyede tutmak,<br>\u2022 En yeni teknolojileri kullanarak modern alt yap\u0131s\u0131n\u0131 s\u00fcrekli geli\u015ftirmek,<br>\u2022 Birimlerimiz i\u00e7in kalite Hedefleri belirlemek ve periyodik olarak hedeflerimizi de\u011ferlendirmek ve gerekli olmas\u0131 durumunda tedbirler almak,<br>\u2022 Aile ve \u00c7al\u0131\u015fma Ve Sosyal Hizmetler Bakanl\u0131\u011f\u0131\u2019n\u0131n y\u00fcr\u00fcrl\u00fckteki \u2018\u2019Engelli Bireylere Y\u00f6nelik \u00d6zel Bak\u0131m Merkezleri Y\u00f6netmeli\u011fi\u2019\u2019 , kalite y\u00f6netim sistemi ve uygulanabilir t\u00fcm yasal \u015fartlar\u0131 yerine getirmek,<br>\u2022 Kalite y\u00f6netim sistemi uygulamalar\u0131n\u0131 s\u00fcrekli iyile\u015ftirmek<br>M\u0130SYON<br>Kurulu\u015fumuz; Aile \u00c7al\u0131\u015fma ve Sosyal Hizmetler \u0130l M\u00fcd\u00fcrl\u00fc\u011f\u00fc taraf\u0131ndan onaylar\u0131 verilmi\u015f, bak\u0131m ihtiyac\u0131 olan engelli bireylerin, bak\u0131m, sa\u011fl\u0131k, ya\u015fama kat\u0131l\u0131m ve g\u00fcvenlik ihtiya\u00e7lar\u0131n\u0131 kar\u015f\u0131lamak i\u00e7in; personelimiz ve engellilerimiz ile bir aile ortam\u0131 i\u00e7ersinde, huzurlu ve sa\u011fl\u0131kl\u0131 bir ortamda t\u00fcm yasal mevzuat \u015fartlar\u0131na ba\u011fl\u0131 kalarak zihinsel engelli bak\u0131m hizmetlerini, insani de\u011ferleri en \u00f6nde tutarak ger\u00e7ekle\u015ftiren sosyal bir kurulu\u015ftur.<br>V\u0130ZYON<br>S\u00fcrekli iyile\u015ftirme kapsam\u0131nda \u00f6ncelikle b\u00f6lgesel alanda tercih edilen bir bak\u0131m merkezi olabilmek i\u00e7in; gerekli yat\u0131r\u0131m ve planlamalar\u0131 yapan, engellileri topluma kazand\u0131rmak i\u00e7in yapt\u0131\u011f\u0131 faaliyetlerle di\u011fer bak\u0131m merkezlerine \u00f6rnek olan, en yeni teknolojileri kullanarak altyap\u0131s\u0131n\u0131 modernize eden, marka de\u011ferini s\u00fcrekli koruyan, son geli\u015fmeleri takip eden bir kurulu\u015f olmak.<\/p>\n","protected":false},"excerpt":{"rendered":"<p>KAL\u0130TE POL\u0130T\u0130KASIEngelli bak\u0131m hizmetlerini ger\u00e7ekle\u015ftirirken, t\u00fcm \u00e7al\u0131\u015fanlar\u0131n kat\u0131l\u0131m\u0131 ile\u2022 Engelli, engelli yak\u0131n\u0131, \u00e7al\u0131\u015fanlar\u0131m\u0131z ve ilgili taraflar\u0131n haklar\u0131n\u0131 ve mahremiyetini koruyarak memnuniyetini en \u00fcst seviyede tutmak,\u2022 En yeni teknolojileri kullanarak modern alt yap\u0131s\u0131n\u0131 s\u00fcrekli geli\u015ftirmek,\u2022 Birimlerimiz i\u00e7in kalite Hedefleri belirlemek ve periyodik olarak hedeflerimizi de\u011ferlendirmek ve gerekli olmas\u0131 durumunda tedbirler almak,\u2022 Aile ve \u00c7al\u0131\u015fma Ve Sosyal <a href=\"https:\/\/ozelcankiribakimmerkezi.com\/\" rel=\"nofollow\"><span class=\"sr-only\">Read more about Hakk\u0131m\u0131zda<\/span>[&hellip;]<\/a><\/p>\n","protected":false},"author":1,"featured_media":0,"parent":0,"menu_order":0,"comment_status":"closed","ping_status":"closed","template":"","meta":{"footnotes":""},"class_list":["post-6","page","type-page","status-publish","hentry"],"_links":{"self":[{"href":"https:\/\/ozelcankiribakimmerkezi.com\/index.php\/wp-json\/wp\/v2\/pages\/6"}],"collection":[{"href":"https:\/\/ozelcankiribakimmerkezi.com\/index.php\/wp-json\/wp\/v2\/pages"}],"about":[{"href":"https:\/\/ozelcankiribakimmerkezi.com\/index.php\/wp-json\/wp\/v2\/types\/page"}],"author":[{"embeddable":true,"href":"https:\/\/ozelcankiribakimmerkezi.com\/index.php\/wp-json\/wp\/v2\/users\/1"}],"replies":[{"embeddable":true,"href":"https:\/\/ozelcankiribakimmerkezi.com\/index.php\/wp-json\/wp\/v2\/comments?post=6"}],"version-history":[{"count":2,"href":"https:\/\/ozelcankiribakimmerkezi.com\/index.php\/wp-json\/wp\/v2\/pages\/6\/revisions"}],"predecessor-version":[{"id":60,"href":"https:\/\/ozelcankiribakimmerkezi.com\/index.php\/wp-json\/wp\/v2\/pages\/6\/revisions\/60"}],"wp:attachment":[{"href":"https:\/\/ozelcankiribakimmerkezi.com\/index.php\/wp-json\/wp\/v2\/media?parent=6"}],"curies":[{"name":"wp","href":"https:\/\/api.w.org\/{rel}","templated":true}]}}