{"id":183,"date":"2022-10-15T17:16:40","date_gmt":"2022-10-15T14:16:40","guid":{"rendered":"https:\/\/ozelcankiribakimmerkezi.com\/?page_id=183"},"modified":"2024-05-02T19:55:09","modified_gmt":"2024-05-02T16:55:09","slug":"150-2-2","status":"publish","type":"page","link":"https:\/\/ozelcankiribakimmerkezi.com\/index.php\/150-2-2\/","title":{"rendered":"Kurallar"},"content":{"rendered":"\n<figure class=\"wp-block-image size-large\"><img loading=\"lazy\" decoding=\"async\" width=\"1024\" height=\"145\" src=\"https:\/\/ozelcankiribakimmerkezi.com\/wp-content\/uploads\/2022\/10\/cropped-Untitled-3-3-1536x217-1-1024x145.png\" alt=\"\" class=\"wp-image-184\" srcset=\"https:\/\/ozelcankiribakimmerkezi.com\/wp-content\/uploads\/2022\/10\/cropped-Untitled-3-3-1536x217-1-1024x145.png 1024w, https:\/\/ozelcankiribakimmerkezi.com\/wp-content\/uploads\/2022\/10\/cropped-Untitled-3-3-1536x217-1-300x42.png 300w, https:\/\/ozelcankiribakimmerkezi.com\/wp-content\/uploads\/2022\/10\/cropped-Untitled-3-3-1536x217-1-768x109.png 768w, https:\/\/ozelcankiribakimmerkezi.com\/wp-content\/uploads\/2022\/10\/cropped-Untitled-3-3-1536x217-1.png 1536w\" sizes=\"(max-width: 1024px) 100vw, 1024px\" \/><\/figure>\n\n\n\n<p>Bak\u0131m Merkezimizde her g\u00fcn ziyaret\u00e7i kabul\u00fc sa\u011flanmaktad\u0131r.<\/p>\n\n\n\n<p><strong>\u00a0Ziyaret Saati: 09:00-12.00 ve 13.00-17.00 saatleri aras\u0131<\/strong><\/p>\n\n\n\n<figure class=\"wp-block-table\"><table><tbody><tr><td><strong>Z\u0130YARET\u00c7\u0130 KURALLARI <\/strong><\/td><td>&nbsp;<\/td><\/tr><\/tbody><\/table><\/figure>\n\n\n\n<p><strong>1<\/strong>&#8211; Kurumumuzda ziyaretler \u00f6nceden telefon ile randevu al\u0131narak yap\u0131lmaktad\u0131r. <strong><\/strong><\/p>\n\n\n\n<p><strong>2-<\/strong> Engelli ziyaretleri, dan\u0131\u015fma ve bah\u00e7e alan\u0131 haricinde ba\u015fka bir alanda yap\u0131lamaz.<\/p>\n\n\n\n<p><strong>3- <\/strong>Bak\u0131m Merkezi ana giri\u015f kap\u0131s\u0131ndan ba\u015flamak \u00fczere Bak\u0131m Merkezi s\u0131n\u0131rlar dahilinde hi\u00e7bir noktada Foto\u011fraf Makinesi, Kamera ve bu \u00f6zelliklere sahip cep telefonlar\u0131 kullan\u0131lamaz, Foto\u011fraf \u00c7ekme ihtiyac\u0131 oldu\u011funda Mesleki Personele bilgi verilmesi gerekmektedir.<\/p>\n\n\n\n<p><strong>4-<\/strong>Engelli Ziyaretlerine Gelirken G\u0131da \u00dcr\u00fcn\u00fc S\u0131n\u0131f\u0131na girebilecek ambalajl\u0131 ve son kullanma tarihi \u00fczerinde bulunan yiyecekler tercih edilmeli, getirilen \u00fcr\u00fcnler Sa\u011fl\u0131k Personeli kontrol\u00fcnden ge\u00e7meden verilmemelidir. Engelli bireye verilmesi Bak\u0131m Merkezi taraf\u0131ndan onaylanan g\u0131da \u00fcr\u00fcnleri kesinlikle engelliniz haricindeki ba\u015fka engellilere verilmemelidir.<\/p>\n\n\n\n<p><strong>5-<\/strong> Engelli Ziyaretlerine Gelirken \u0130la\u00e7 getirilmemelidir. \u0130la\u00e7 getirildi\u011finin tespit edilmesi durumunda Bak\u0131m Merkezi Y\u00f6netimi taraf\u0131ndan gerekli hukuki i\u015flemler yap\u0131lacakt\u0131r.<\/p>\n\n\n\n<p><strong>6-<\/strong> Engelli bireylerimize \u00e7akmak, kesici-delici alet, jilet vb. getirilmemelidir.<\/p>\n\n\n\n<p><strong>7-<\/strong> Engellinize ziyaretiniz esnas\u0131nda di\u011fer engellilerin mahremiyetine \u00f6nem verilmeli &nbsp;ve ger\u00e7ekle\u015fen ziyaretler 30 dakikay\u0131 a\u015fmamal\u0131d\u0131r. Engelli ziyaret\u00e7i say\u0131s\u0131 \u00fc\u00e7\u00fc ki\u015fiyi a\u015fmamal\u0131d\u0131r.<\/p>\n\n\n\n<p><strong>8-<\/strong> Ziyaret s\u00fcresince y\u00fcksek sesle konu\u015fulmamal\u0131, kurum i\u00e7erisinde rahats\u0131z edici davran\u0131\u015flarda bulunulmamal\u0131d\u0131r.<\/p>\n\n\n\n<p><strong>9-<\/strong> Ziyaret esnas\u0131nda di\u011fer engelli bireyler ve ayn\u0131 alanda bulunan engelli yak\u0131nlar\u0131 rahats\u0131z edilmemelidir.<\/p>\n\n\n\n<p>Ziyaret esnas\u0131nda gereksiz ve merakl\u0131 sorular sorulmamal\u0131 ve mahremiyete sayg\u0131 g\u00f6sterilmelidir.<\/p>\n\n\n\n<p><strong>10-<\/strong> Bina i\u00e7erisinde Yang\u0131n ve Acil \u00c7\u0131k\u0131\u015f kap\u0131lar\u0131 ziyaret\u00e7iler taraf\u0131ndan amac\u0131 d\u0131\u015f\u0131nda kullan\u0131lmas\u0131 yasakt\u0131r.<\/p>\n\n\n\n<p><strong>11-<\/strong> Ziyaret saatleri d\u0131\u015f\u0131nda, gereksiz ve \u0131srarl\u0131 ziyaret taleplerinde bulunulmamal\u0131d\u0131r.<\/p>\n\n\n\n<p><strong>12-<\/strong> Ziyaret\u00e7ilerimizin Bak\u0131m Merkezi i\u00e7inde ve Bak\u0131m merkezi y\u00f6netimi taraf\u0131ndan belirlenen alanlar d\u0131\u015f\u0131nda sigara i\u00e7mesi kesinlikle yasakt\u0131r.<\/p>\n\n\n\n<p><strong>13-<\/strong> Ziyaret\u00e7ilerin Ziyaretine ili\u015fkin kay\u0131t ve imza zorunlulu\u011fu bulunmakta olup personelimize bu konuda yard\u0131mc\u0131 olunmal\u0131d\u0131r.<\/p>\n\n\n\n<p><strong>14-<\/strong> Engelli bireylerle telefon g\u00f6r\u00fc\u015fmesi hafta sonlar\u0131 ger\u00e7ekle\u015ftirilmekte olup; kad\u0131n engelli bireylerimizle cumartesi, erkek engelli bireylerimizle ise Pazar g\u00fcnleri g\u00f6r\u00fc\u015fme sa\u011flanmaktad\u0131r.<\/p>\n\n\n\n<p>Telefon G\u00f6r\u00fc\u015fmeleri <strong>: 09:00-12.00 ve 13.00-17.00 <\/strong>saatleri aras\u0131nda yap\u0131lmaktad\u0131r.<\/p>\n","protected":false},"excerpt":{"rendered":"<p>Bak\u0131m Merkezimizde her g\u00fcn ziyaret\u00e7i kabul\u00fc sa\u011flanmaktad\u0131r. \u00a0Ziyaret Saati: 09:00-12.00 ve 13.00-17.00 saatleri aras\u0131 Z\u0130YARET\u00c7\u0130 KURALLARI &nbsp; 1&#8211; Kurumumuzda ziyaretler \u00f6nceden telefon ile randevu al\u0131narak yap\u0131lmaktad\u0131r. 2- Engelli ziyaretleri, dan\u0131\u015fma ve bah\u00e7e alan\u0131 haricinde ba\u015fka bir alanda yap\u0131lamaz. 3- Bak\u0131m Merkezi ana giri\u015f kap\u0131s\u0131ndan ba\u015flamak \u00fczere Bak\u0131m Merkezi s\u0131n\u0131rlar dahilinde hi\u00e7bir noktada Foto\u011fraf Makinesi, Kamera <a href=\"https:\/\/ozelcankiribakimmerkezi.com\/index.php\/150-2-2\/\" rel=\"nofollow\"><span class=\"sr-only\">Read more about Kurallar<\/span>[&hellip;]<\/a><\/p>\n","protected":false},"author":1,"featured_media":0,"parent":0,"menu_order":0,"comment_status":"closed","ping_status":"closed","template":"","meta":{"footnotes":""},"class_list":["post-183","page","type-page","status-publish","hentry"],"_links":{"self":[{"href":"https:\/\/ozelcankiribakimmerkezi.com\/index.php\/wp-json\/wp\/v2\/pages\/183"}],"collection":[{"href":"https:\/\/ozelcankiribakimmerkezi.com\/index.php\/wp-json\/wp\/v2\/pages"}],"about":[{"href":"https:\/\/ozelcankiribakimmerkezi.com\/index.php\/wp-json\/wp\/v2\/types\/page"}],"author":[{"embeddable":true,"href":"https:\/\/ozelcankiribakimmerkezi.com\/index.php\/wp-json\/wp\/v2\/users\/1"}],"replies":[{"embeddable":true,"href":"https:\/\/ozelcankiribakimmerkezi.com\/index.php\/wp-json\/wp\/v2\/comments?post=183"}],"version-history":[{"count":6,"href":"https:\/\/ozelcankiribakimmerkezi.com\/index.php\/wp-json\/wp\/v2\/pages\/183\/revisions"}],"predecessor-version":[{"id":194,"href":"https:\/\/ozelcankiribakimmerkezi.com\/index.php\/wp-json\/wp\/v2\/pages\/183\/revisions\/194"}],"wp:attachment":[{"href":"https:\/\/ozelcankiribakimmerkezi.com\/index.php\/wp-json\/wp\/v2\/media?parent=183"}],"curies":[{"name":"wp","href":"https:\/\/api.w.org\/{rel}","templated":true}]}}